{"id":445,"date":"2022-03-18T21:22:45","date_gmt":"2022-03-18T21:22:45","guid":{"rendered":"https:\/\/uno3arquitectos.com.mx\/?page_id=445"},"modified":"2023-05-31T22:23:10","modified_gmt":"2023-05-31T22:23:10","slug":"estudio","status":"publish","type":"page","link":"https:\/\/uno3arquitectos.com.mx\/en\/estudio\/","title":{"rendered":"Studio"},"content":{"rendered":"\t\t<div data-elementor-type=\"wp-page\" data-elementor-id=\"445\" class=\"elementor elementor-445\" data-elementor-settings=\"{&quot;ha_cmc_init_switcher&quot;:&quot;no&quot;}\">\n\t\t\t\t\t\t<section class=\"has_eae_slider elementor-section elementor-top-section elementor-element elementor-element-7d08136 elementor-section-full_width animated-slow elementor-reverse-mobile elementor-section-height-default elementor-section-height-default elementor-invisible\" data-eae-slider=\"90545\" data-particle_enable=\"false\" data-particle-mobile-disabled=\"false\" data-id=\"7d08136\" data-element_type=\"section\" data-e-type=\"section\" data-settings=\"{&quot;background_background&quot;:&quot;classic&quot;,&quot;animation&quot;:&quot;fadeIn&quot;,&quot;_ha_eqh_enable&quot;:false}\">\n\t\t\t\t\t\t<div class=\"elementor-container elementor-column-gap-default\">\n\t\t\t\t\t<div class=\"has_eae_slider elementor-column elementor-col-50 elementor-top-column elementor-element elementor-element-9fbbfbf\" data-eae-slider=\"29983\" data-id=\"9fbbfbf\" data-element_type=\"column\" data-e-type=\"column\">\n\t\t\t<div class=\"elementor-widget-wrap elementor-element-populated\">\n\t\t\t\t\t\t<div class=\"elementor-element elementor-element-e16f169 elementor-widget elementor-widget-heading\" data-id=\"e16f169\" data-element_type=\"widget\" data-e-type=\"widget\" data-widget_type=\"heading.default\">\n\t\t\t\t<div class=\"elementor-widget-container\">\n\t\t\t\t\t<h2 class=\"elementor-heading-title elementor-size-default\">estudio<\/h2>\t\t\t\t<\/div>\n\t\t\t\t<\/div>\n\t\t\t\t<div class=\"elementor-element elementor-element-5ad2864 elementor-widget elementor-widget-text-editor\" data-id=\"5ad2864\" data-element_type=\"widget\" data-e-type=\"widget\" data-widget_type=\"text-editor.default\">\n\t\t\t\t<div class=\"elementor-widget-container\">\n\t\t\t\t\t\t\t\t\t<p class=\"Normal tm5\"><span class=\"tm6\">En el Taller le apostamos a la idea del grupo en torno a una constante, la cual est\u00e1 basada en tres ejes: Interdisciplina, retroalimentaci\u00f3n y metodolog\u00eda de dise\u00f1o. Espacio-Tiempo son dos coordenadas de referencia que se toman en cuenta en el Taller, donde se trabaja de acuerdo a una metodolog\u00eda de dise\u00f1o, en base a un concepto rector de cinco procesos, siendo parte esencial en el desarrollo de nuestros proyectos.<\/span><\/p>\t\t\t\t\t\t\t\t<\/div>\n\t\t\t\t<\/div>\n\t\t\t\t<div class=\"elementor-element elementor-element-e18dd9d elementor-widget elementor-widget-heading\" data-id=\"e18dd9d\" data-element_type=\"widget\" data-e-type=\"widget\" data-widget_type=\"heading.default\">\n\t\t\t\t<div class=\"elementor-widget-container\">\n\t\t\t\t\t<h2 class=\"elementor-heading-title elementor-size-default\">ARQUITECTURA<\/h2>\t\t\t\t<\/div>\n\t\t\t\t<\/div>\n\t\t\t\t<div class=\"elementor-element elementor-element-068cd88 elementor-widget elementor-widget-text-editor\" data-id=\"068cd88\" data-element_type=\"widget\" data-e-type=\"widget\" data-widget_type=\"text-editor.default\">\n\t\t\t\t<div class=\"elementor-widget-container\">\n\t\t\t\t\t\t\t\t\t<p class=\"HTMLconformatoprevio tm6 tm7\"><span class=\"tm8\">La arquitectura es una expresi\u00f3n social, cultural, as\u00ed misma como relacional de un lugar. Hacer arquitectura es hacer ciudad. Entendemos la ciudad como un fen\u00f3meno vivo, complejo, naturalmente cambiante y din\u00e1mico, dentro del cual se debe de respetar lo que forma parte de nuestro patrimonio cultural, a la vez que tenemos la obligaci\u00f3n de dejar constancia de nuestro propio tiempo.<\/span>Como arquitectos, tenemos el compromiso de responder que nuestras obras contengan un car\u00e1cter de permanencia.<\/p>\n\t\t\t\t\t\t\t\t<\/div>\n\t\t\t\t<\/div>\n\t\t\t\t<div class=\"elementor-element elementor-element-f67dc24 elementor-widget elementor-widget-heading\" data-id=\"f67dc24\" data-element_type=\"widget\" data-e-type=\"widget\" data-widget_type=\"heading.default\">\n\t\t\t\t<div class=\"elementor-widget-container\">\n\t\t\t\t\t<h2 class=\"elementor-heading-title elementor-size-default\">URBANISMO<\/h2>\t\t\t\t<\/div>\n\t\t\t\t<\/div>\n\t\t\t\t<div class=\"elementor-element elementor-element-b467811 elementor-widget elementor-widget-text-editor\" data-id=\"b467811\" data-element_type=\"widget\" data-e-type=\"widget\" data-widget_type=\"text-editor.default\">\n\t\t\t\t<div class=\"elementor-widget-container\">\n\t\t\t\t\t\t\t\t\t<p class=\"Normal tm6 tm7\"><span class=\"tm9\">Actualmente, el urbanismo juega un papel importante <\/span><span class=\"tm8\">debido al crecimiento demogr\u00e1fico de las ciudades. La ciudad es compleja y heterog\u00e9nea, ya que constantemente est\u00e1 en transformaci\u00f3n, surgen nuevas necesidades, a la falta de conocimientos y la aplicaci\u00f3n de una cultura urban\u00edstica en la sociedad.\n<\/span>Hoy en d\u00eda, los arquitectos debemos incorporar nuevas estrategias de sustentabilidad, las cuales deben de ser eficientes en el desarrollo urbano de la ciudad.<\/p>\t\t\t\t\t\t\t\t<\/div>\n\t\t\t\t<\/div>\n\t\t\t\t\t<\/div>\n\t\t<\/div>\n\t\t\n\t<script type=\"text\/javascript\">\n\t\t\n\t\tjQuery(document).ready(function ($) {\n\t\t\tvar elementSelector = \".elementor-element-551a4bf[data-eae-slider=71633]\";\n\t\t\tvar $element = jQuery(elementSelector);\n\n\t\t\t\/\/ Adding the HTML structure\n\t\t\t$element.prepend('<div class=\"eae-section-bs\"><div class=\"eae-section-bs-inner\"><\/div><\/div>');\n\n\t\t\t\/\/ Initialize vegas background slider\n\t\t\t$element.children('.eae-section-bs').children('.eae-section-bs-inner').vegas({\n\t\t\t\tslides: [{\"src\":\"https:\\\/\\\/uno3arquitectos.com.mx\\\/wp-content\\\/uploads\\\/2022\\\/05\\\/edtudio5-1024x768.jpg\"},{\"src\":\"https:\\\/\\\/uno3arquitectos.com.mx\\\/wp-content\\\/uploads\\\/2022\\\/05\\\/estudio3-1024x768.jpg\"},{\"src\":\"https:\\\/\\\/uno3arquitectos.com.mx\\\/wp-content\\\/uploads\\\/2022\\\/05\\\/estudio2-1024x768.jpg\"}],\n\t\t\t\ttransition: 'fade',\n\t\t\t\tanimation: 'kenburnsRight',\n\t\t\t\toverlay: 'https:\/\/uno3arquitectos.com.mx\/wp-content\/plugins\/addon-elements-for-elementor-page-builder\/\/assets\/lib\/vegas\/overlays\/00.png',\n\t\t\t\tcover: true,\n\t\t\t\tdelay: 5000,\n\t\t\t\ttimer: false\t\t\t});\n\t\t\t\n\n\t\t\t\/\/ Clear the overlay if custom overlay switcher is set to 'yes'\n\t\t\tif ('' === 'yes') {\n\t\t\t\t$element.find('.vegas-overlay').css('background-image', '');\n\t\t\t}\n\t\t});\n\t<\/script>\n\t\t\t\t<div class=\"has_eae_slider elementor-column elementor-col-50 elementor-top-column elementor-element elementor-element-551a4bf\" data-eae-slider=\"71633\" data-id=\"551a4bf\" data-element_type=\"column\" data-e-type=\"column\" data-settings=\"{&quot;background_background&quot;:&quot;classic&quot;}\">\n\t\t\t<div class=\"elementor-widget-wrap elementor-element-populated\">\n\t\t\t\t\t\t\t<\/div>\n\t\t<\/div>\n\t\t\t\t\t<\/div>\n\t\t<\/section>\n\t\t\t\t<section class=\"has_eae_slider elementor-section elementor-top-section elementor-element elementor-element-a23e43a elementor-section-full_width animated-slow elementor-section-height-default elementor-section-height-default elementor-invisible\" data-eae-slider=\"51103\" data-particle_enable=\"false\" data-particle-mobile-disabled=\"false\" data-id=\"a23e43a\" data-element_type=\"section\" data-e-type=\"section\" data-settings=\"{&quot;background_background&quot;:&quot;classic&quot;,&quot;animation&quot;:&quot;fadeIn&quot;,&quot;_ha_eqh_enable&quot;:false}\">\n\t\t\t\t\t\t<div class=\"elementor-container elementor-column-gap-default\">\n\t\t\t\n\t<script type=\"text\/javascript\">\n\t\t\n\t\tjQuery(document).ready(function ($) {\n\t\t\tvar elementSelector = \".elementor-element-0e88a12[data-eae-slider=33430]\";\n\t\t\tvar $element = jQuery(elementSelector);\n\n\t\t\t\/\/ Adding the HTML structure\n\t\t\t$element.prepend('<div class=\"eae-section-bs\"><div class=\"eae-section-bs-inner\"><\/div><\/div>');\n\n\t\t\t\/\/ Initialize vegas background slider\n\t\t\t$element.children('.eae-section-bs').children('.eae-section-bs-inner').vegas({\n\t\t\t\tslides: [{\"src\":\"https:\\\/\\\/uno3arquitectos.com.mx\\\/wp-content\\\/uploads\\\/2022\\\/05\\\/estudio.jpg\"},{\"src\":\"https:\\\/\\\/uno3arquitectos.com.mx\\\/wp-content\\\/uploads\\\/2022\\\/05\\\/estudio4.jpg\"}],\n\t\t\t\ttransition: 'fade',\n\t\t\t\tanimation: 'kenburns',\n\t\t\t\toverlay: 'https:\/\/uno3arquitectos.com.mx\/wp-content\/plugins\/addon-elements-for-elementor-page-builder\/\/assets\/lib\/vegas\/overlays\/00.png',\n\t\t\t\tcover: true,\n\t\t\t\tdelay: 5000,\n\t\t\t\ttimer: false\t\t\t});\n\t\t\t\n\n\t\t\t\/\/ Clear the overlay if custom overlay switcher is set to 'yes'\n\t\t\tif ('' === 'yes') {\n\t\t\t\t$element.find('.vegas-overlay').css('background-image', '');\n\t\t\t}\n\t\t});\n\t<\/script>\n\t\t\t\t<div class=\"has_eae_slider elementor-column elementor-col-50 elementor-top-column elementor-element elementor-element-0e88a12\" data-eae-slider=\"33430\" data-id=\"0e88a12\" data-element_type=\"column\" data-e-type=\"column\" data-settings=\"{&quot;background_background&quot;:&quot;classic&quot;}\">\n\t\t\t<div class=\"elementor-widget-wrap elementor-element-populated\">\n\t\t\t\t\t\t\t<\/div>\n\t\t<\/div>\n\t\t\t\t<div class=\"has_eae_slider elementor-column elementor-col-50 elementor-top-column elementor-element elementor-element-573519b\" data-eae-slider=\"14655\" data-id=\"573519b\" data-element_type=\"column\" data-e-type=\"column\">\n\t\t\t<div class=\"elementor-widget-wrap elementor-element-populated\">\n\t\t\t\t\t\t<div class=\"elementor-element elementor-element-b5a72c8 elementor-widget elementor-widget-heading\" data-id=\"b5a72c8\" data-element_type=\"widget\" data-e-type=\"widget\" data-widget_type=\"heading.default\">\n\t\t\t\t<div class=\"elementor-widget-container\">\n\t\t\t\t\t<h2 class=\"elementor-heading-title elementor-size-default\">dise\u00f1o<\/h2>\t\t\t\t<\/div>\n\t\t\t\t<\/div>\n\t\t\t\t<div class=\"elementor-element elementor-element-7d525b0 elementor-widget elementor-widget-heading\" data-id=\"7d525b0\" data-element_type=\"widget\" data-e-type=\"widget\" data-widget_type=\"heading.default\">\n\t\t\t\t<div class=\"elementor-widget-container\">\n\t\t\t\t\t<h2 class=\"elementor-heading-title elementor-size-default\">TRAYECTORIA | CAPACIDAD | EXPERIENCIA<\/h2>\t\t\t\t<\/div>\n\t\t\t\t<\/div>\n\t\t\t\t<div class=\"elementor-element elementor-element-bbcf229 elementor-widget elementor-widget-text-editor\" data-id=\"bbcf229\" data-element_type=\"widget\" data-e-type=\"widget\" data-widget_type=\"text-editor.default\">\n\t\t\t\t<div class=\"elementor-widget-container\">\n\t\t\t\t\t\t\t\t\t<p class=\"Normal tm5 tm6\"><span class=\"tm7\">En nuestros proyectos buscamos tener siempre un estilo contempor\u00e1neo que contengan la sobriedad y la permanencia. Adem\u00e1s de lo anterior confirmamos el valor que implica la exploraci\u00f3n de la forma y el espacio, del cual la luz, las texturas, la calidad expresiva de los materiales, juegan un papel determinante en el dise\u00f1o.<\/span><\/p>\t\t\t\t\t\t\t\t<\/div>\n\t\t\t\t<\/div>\n\t\t\t\t<div class=\"elementor-element elementor-element-5097c77 elementor-widget elementor-widget-heading\" data-id=\"5097c77\" data-element_type=\"widget\" data-e-type=\"widget\" data-widget_type=\"heading.default\">\n\t\t\t\t<div class=\"elementor-widget-container\">\n\t\t\t\t\t<h2 class=\"elementor-heading-title elementor-size-default\">VALORES<\/h2>\t\t\t\t<\/div>\n\t\t\t\t<\/div>\n\t\t\t\t<div class=\"elementor-element elementor-element-4dd804b elementor-widget elementor-widget-heading\" data-id=\"4dd804b\" data-element_type=\"widget\" data-e-type=\"widget\" data-widget_type=\"heading.default\">\n\t\t\t\t<div class=\"elementor-widget-container\">\n\t\t\t\t\t<h2 class=\"elementor-heading-title elementor-size-default\">COMPROMISO | CONFIANZA | FORMALIDAD<\/h2>\t\t\t\t<\/div>\n\t\t\t\t<\/div>\n\t\t\t\t<div class=\"elementor-element elementor-element-83dfe28 elementor-widget elementor-widget-text-editor\" data-id=\"83dfe28\" data-element_type=\"widget\" data-e-type=\"widget\" data-widget_type=\"text-editor.default\">\n\t\t\t\t<div class=\"elementor-widget-container\">\n\t\t\t\t\t\t\t\t\t<p class=\"Normal tm5\"><span class=\"tm6\">Los valores se ven reflejados por el nivel de informaci\u00f3n y profesionalismo en cada uno de nuestros proyectos. Reconocemos el valor y la importancia de trabajar en equipo, somos un grupo que compartimos el mismo objetivo, un resultado que sobrepase las expectativas de nuestros clientes en cualquier latitud.<\/span><\/p>\t\t\t\t\t\t\t\t<\/div>\n\t\t\t\t<\/div>\n\t\t\t\t<div class=\"elementor-element elementor-element-cb1d517 elementor-widget elementor-widget-heading\" data-id=\"cb1d517\" data-element_type=\"widget\" data-e-type=\"widget\" data-widget_type=\"heading.default\">\n\t\t\t\t<div class=\"elementor-widget-container\">\n\t\t\t\t\t<h2 class=\"elementor-heading-title elementor-size-default\">FILOSOF\u00cdA<\/h2>\t\t\t\t<\/div>\n\t\t\t\t<\/div>\n\t\t\t\t<div class=\"elementor-element elementor-element-522cf17 elementor-widget elementor-widget-heading\" data-id=\"522cf17\" data-element_type=\"widget\" data-e-type=\"widget\" data-widget_type=\"heading.default\">\n\t\t\t\t<div class=\"elementor-widget-container\">\n\t\t\t\t\t<h2 class=\"elementor-heading-title elementor-size-default\">\"USTED LO SUE\u00d1A, NOSOTROS LO HACEMOS\"<\/h2>\t\t\t\t<\/div>\n\t\t\t\t<\/div>\n\t\t\t\t<div class=\"elementor-element elementor-element-fd73810 elementor-widget elementor-widget-text-editor\" data-id=\"fd73810\" data-element_type=\"widget\" data-e-type=\"widget\" data-widget_type=\"text-editor.default\">\n\t\t\t\t<div class=\"elementor-widget-container\">\n\t\t\t\t\t\t\t\t\t<p class=\"Normal tm5\"><span class=\"tm6\">Nuestra filosof\u00eda de dise\u00f1o es la misma para cada uno de nuestros proyectos, sin importar su escala o tama\u00f1o, es aplicada a una metodolog\u00eda de trabajo en el Taller, el cual debe de ser capaz de responder a cualquier desaf\u00edo o limitantes que se puedan presentar.<\/span><\/p>\t\t\t\t\t\t\t\t<\/div>\n\t\t\t\t<\/div>\n\t\t\t\t\t<\/div>\n\t\t<\/div>\n\t\t\t\t\t<\/div>\n\t\t<\/section>\n\t\t\t\t<\/div>\n\t\t","protected":false},"excerpt":{"rendered":"<p>estudio En el Taller le apostamos a la idea del grupo en torno a una constante, la cual est\u00e1 basada en tres ejes: Interdisciplina, retroalimentaci\u00f3n y metodolog\u00eda de dise\u00f1o. Espacio-Tiempo son dos coordenadas de referencia que se toman en cuenta en el Taller, donde se trabaja de acuerdo a una metodolog\u00eda de dise\u00f1o, en base [&hellip;]<\/p>\n","protected":false},"author":1,"featured_media":0,"parent":0,"menu_order":0,"comment_status":"closed","ping_status":"closed","template":"elementor_header_footer","meta":{"inline_featured_image":false,"site-sidebar-layout":"no-sidebar","site-content-layout":"page-builder","ast-site-content-layout":"default","site-content-style":"default","site-sidebar-style":"default","ast-global-header-display":"","ast-banner-title-visibility":"","ast-main-header-display":"","ast-hfb-above-header-display":"","ast-hfb-below-header-display":"","ast-hfb-mobile-header-display":"","site-post-title":"disabled","ast-breadcrumbs-content":"","ast-featured-img":"disabled","footer-sml-layout":"","ast-disable-related-posts":"","theme-transparent-header-meta":"default","adv-header-id-meta":"","stick-header-meta":"","header-above-stick-meta":"","header-main-stick-meta":"","header-below-stick-meta":"","astra-migrate-meta-layouts":"default","ast-page-background-enabled":"default","ast-page-background-meta":{"desktop":{"background-color":"var(--ast-global-color-4)","background-image":"","background-repeat":"repeat","background-position":"center center","background-size":"auto","background-attachment":"scroll","background-type":"","background-media":"","overlay-type":"","overlay-color":"","overlay-opacity":"","overlay-gradient":""},"tablet":{"background-color":"","background-image":"","background-repeat":"repeat","background-position":"center center","background-size":"auto","background-attachment":"scroll","background-type":"","background-media":"","overlay-type":"","overlay-color":"","overlay-opacity":"","overlay-gradient":""},"mobile":{"background-color":"","background-image":"","background-repeat":"repeat","background-position":"center center","background-size":"auto","background-attachment":"scroll","background-type":"","background-media":"","overlay-type":"","overlay-color":"","overlay-opacity":"","overlay-gradient":""}},"ast-content-background-meta":{"desktop":{"background-color":"var(--ast-global-color-5)","background-image":"","background-repeat":"repeat","background-position":"center center","background-size":"auto","background-attachment":"scroll","background-type":"","background-media":"","overlay-type":"","overlay-color":"","overlay-opacity":"","overlay-gradient":""},"tablet":{"background-color":"var(--ast-global-color-5)","background-image":"","background-repeat":"repeat","background-position":"center center","background-size":"auto","background-attachment":"scroll","background-type":"","background-media":"","overlay-type":"","overlay-color":"","overlay-opacity":"","overlay-gradient":""},"mobile":{"background-color":"var(--ast-global-color-5)","background-image":"","background-repeat":"repeat","background-position":"center center","background-size":"auto","background-attachment":"scroll","background-type":"","background-media":"","overlay-type":"","overlay-color":"","overlay-opacity":"","overlay-gradient":""}},"footnotes":""},"class_list":["post-445","page","type-page","status-publish","hentry"],"yoast_head":"<!-- This site is optimized with the Yoast SEO plugin v27.3 - https:\/\/yoast.com\/product\/yoast-seo-wordpress\/ -->\n<title>Estudio - UNO3ARQUITECTOS<\/title>\n<meta name=\"robots\" content=\"index, follow, max-snippet:-1, max-image-preview:large, max-video-preview:-1\" \/>\n<link rel=\"canonical\" href=\"https:\/\/uno3arquitectos.com.mx\/en\/estudio\/\" \/>\n<meta property=\"og:locale\" content=\"en_US\" \/>\n<meta property=\"og:type\" content=\"article\" \/>\n<meta property=\"og:title\" content=\"Estudio - UNO3ARQUITECTOS\" \/>\n<meta property=\"og:description\" content=\"estudio En el Taller le apostamos a la idea del grupo en torno a una constante, la cual est\u00e1 basada en tres ejes: Interdisciplina, retroalimentaci\u00f3n y metodolog\u00eda de dise\u00f1o. Espacio-Tiempo son dos coordenadas de referencia que se toman en cuenta en el Taller, donde se trabaja de acuerdo a una metodolog\u00eda de dise\u00f1o, en base [&hellip;]\" \/>\n<meta property=\"og:url\" content=\"https:\/\/uno3arquitectos.com.mx\/en\/estudio\/\" \/>\n<meta property=\"og:site_name\" content=\"UNO3ARQUITECTOS\" \/>\n<meta property=\"article:modified_time\" content=\"2023-05-31T22:23:10+00:00\" \/>\n<meta name=\"twitter:card\" content=\"summary_large_image\" \/>\n<meta name=\"twitter:label1\" content=\"Est. reading time\" \/>\n\t<meta name=\"twitter:data1\" content=\"2 minutes\" \/>\n<script type=\"application\/ld+json\" class=\"yoast-schema-graph\">{\"@context\":\"https:\\\/\\\/schema.org\",\"@graph\":[{\"@type\":\"WebPage\",\"@id\":\"https:\\\/\\\/uno3arquitectos.com.mx\\\/estudio\\\/\",\"url\":\"https:\\\/\\\/uno3arquitectos.com.mx\\\/estudio\\\/\",\"name\":\"Estudio - UNO3ARQUITECTOS\",\"isPartOf\":{\"@id\":\"https:\\\/\\\/uno3arquitectos.com.mx\\\/#website\"},\"datePublished\":\"2022-03-18T21:22:45+00:00\",\"dateModified\":\"2023-05-31T22:23:10+00:00\",\"breadcrumb\":{\"@id\":\"https:\\\/\\\/uno3arquitectos.com.mx\\\/estudio\\\/#breadcrumb\"},\"inLanguage\":\"en-US\",\"potentialAction\":[{\"@type\":\"ReadAction\",\"target\":[\"https:\\\/\\\/uno3arquitectos.com.mx\\\/estudio\\\/\"]}]},{\"@type\":\"BreadcrumbList\",\"@id\":\"https:\\\/\\\/uno3arquitectos.com.mx\\\/estudio\\\/#breadcrumb\",\"itemListElement\":[{\"@type\":\"ListItem\",\"position\":1,\"name\":\"Inicio\",\"item\":\"https:\\\/\\\/uno3arquitectos.com.mx\\\/\"},{\"@type\":\"ListItem\",\"position\":2,\"name\":\"Estudio\"}]},{\"@type\":\"WebSite\",\"@id\":\"https:\\\/\\\/uno3arquitectos.com.mx\\\/#website\",\"url\":\"https:\\\/\\\/uno3arquitectos.com.mx\\\/\",\"name\":\"UNO3ARQUITECTOS\",\"description\":\"Estudio de Arquitectura | Urbanismo | Dise\u00f1o\",\"publisher\":{\"@id\":\"https:\\\/\\\/uno3arquitectos.com.mx\\\/#organization\"},\"potentialAction\":[{\"@type\":\"SearchAction\",\"target\":{\"@type\":\"EntryPoint\",\"urlTemplate\":\"https:\\\/\\\/uno3arquitectos.com.mx\\\/?s={search_term_string}\"},\"query-input\":{\"@type\":\"PropertyValueSpecification\",\"valueRequired\":true,\"valueName\":\"search_term_string\"}}],\"inLanguage\":\"en-US\"},{\"@type\":\"Organization\",\"@id\":\"https:\\\/\\\/uno3arquitectos.com.mx\\\/#organization\",\"name\":\"UNO3ARQUITECTOS\",\"url\":\"https:\\\/\\\/uno3arquitectos.com.mx\\\/\",\"logo\":{\"@type\":\"ImageObject\",\"inLanguage\":\"en-US\",\"@id\":\"https:\\\/\\\/uno3arquitectos.com.mx\\\/#\\\/schema\\\/logo\\\/image\\\/\",\"url\":\"https:\\\/\\\/uno3arquitectos.com.mx\\\/wp-content\\\/uploads\\\/2022\\\/03\\\/uno3arq-rojo.png\",\"contentUrl\":\"https:\\\/\\\/uno3arquitectos.com.mx\\\/wp-content\\\/uploads\\\/2022\\\/03\\\/uno3arq-rojo.png\",\"width\":1800,\"height\":600,\"caption\":\"UNO3ARQUITECTOS\"},\"image\":{\"@id\":\"https:\\\/\\\/uno3arquitectos.com.mx\\\/#\\\/schema\\\/logo\\\/image\\\/\"}}]}<\/script>\n<!-- \/ Yoast SEO plugin. -->","yoast_head_json":{"title":"Estudio - UNO3ARQUITECTOS","robots":{"index":"index","follow":"follow","max-snippet":"max-snippet:-1","max-image-preview":"max-image-preview:large","max-video-preview":"max-video-preview:-1"},"canonical":"https:\/\/uno3arquitectos.com.mx\/en\/estudio\/","og_locale":"en_US","og_type":"article","og_title":"Estudio - UNO3ARQUITECTOS","og_description":"estudio En el Taller le apostamos a la idea del grupo en torno a una constante, la cual est\u00e1 basada en tres ejes: Interdisciplina, retroalimentaci\u00f3n y metodolog\u00eda de dise\u00f1o. Espacio-Tiempo son dos coordenadas de referencia que se toman en cuenta en el Taller, donde se trabaja de acuerdo a una metodolog\u00eda de dise\u00f1o, en base [&hellip;]","og_url":"https:\/\/uno3arquitectos.com.mx\/en\/estudio\/","og_site_name":"UNO3ARQUITECTOS","article_modified_time":"2023-05-31T22:23:10+00:00","twitter_card":"summary_large_image","twitter_misc":{"Est. reading time":"2 minutes"},"schema":{"@context":"https:\/\/schema.org","@graph":[{"@type":"WebPage","@id":"https:\/\/uno3arquitectos.com.mx\/estudio\/","url":"https:\/\/uno3arquitectos.com.mx\/estudio\/","name":"Estudio - UNO3ARQUITECTOS","isPartOf":{"@id":"https:\/\/uno3arquitectos.com.mx\/#website"},"datePublished":"2022-03-18T21:22:45+00:00","dateModified":"2023-05-31T22:23:10+00:00","breadcrumb":{"@id":"https:\/\/uno3arquitectos.com.mx\/estudio\/#breadcrumb"},"inLanguage":"en-US","potentialAction":[{"@type":"ReadAction","target":["https:\/\/uno3arquitectos.com.mx\/estudio\/"]}]},{"@type":"BreadcrumbList","@id":"https:\/\/uno3arquitectos.com.mx\/estudio\/#breadcrumb","itemListElement":[{"@type":"ListItem","position":1,"name":"Inicio","item":"https:\/\/uno3arquitectos.com.mx\/"},{"@type":"ListItem","position":2,"name":"Estudio"}]},{"@type":"WebSite","@id":"https:\/\/uno3arquitectos.com.mx\/#website","url":"https:\/\/uno3arquitectos.com.mx\/","name":"UNO3ARQUITECTOS","description":"Estudio de Arquitectura | Urbanismo | Dise\u00f1o","publisher":{"@id":"https:\/\/uno3arquitectos.com.mx\/#organization"},"potentialAction":[{"@type":"SearchAction","target":{"@type":"EntryPoint","urlTemplate":"https:\/\/uno3arquitectos.com.mx\/?s={search_term_string}"},"query-input":{"@type":"PropertyValueSpecification","valueRequired":true,"valueName":"search_term_string"}}],"inLanguage":"en-US"},{"@type":"Organization","@id":"https:\/\/uno3arquitectos.com.mx\/#organization","name":"UNO3ARQUITECTOS","url":"https:\/\/uno3arquitectos.com.mx\/","logo":{"@type":"ImageObject","inLanguage":"en-US","@id":"https:\/\/uno3arquitectos.com.mx\/#\/schema\/logo\/image\/","url":"https:\/\/uno3arquitectos.com.mx\/wp-content\/uploads\/2022\/03\/uno3arq-rojo.png","contentUrl":"https:\/\/uno3arquitectos.com.mx\/wp-content\/uploads\/2022\/03\/uno3arq-rojo.png","width":1800,"height":600,"caption":"UNO3ARQUITECTOS"},"image":{"@id":"https:\/\/uno3arquitectos.com.mx\/#\/schema\/logo\/image\/"}}]}},"_links":{"self":[{"href":"https:\/\/uno3arquitectos.com.mx\/en\/wp-json\/wp\/v2\/pages\/445","targetHints":{"allow":["GET"]}}],"collection":[{"href":"https:\/\/uno3arquitectos.com.mx\/en\/wp-json\/wp\/v2\/pages"}],"about":[{"href":"https:\/\/uno3arquitectos.com.mx\/en\/wp-json\/wp\/v2\/types\/page"}],"author":[{"embeddable":true,"href":"https:\/\/uno3arquitectos.com.mx\/en\/wp-json\/wp\/v2\/users\/1"}],"replies":[{"embeddable":true,"href":"https:\/\/uno3arquitectos.com.mx\/en\/wp-json\/wp\/v2\/comments?post=445"}],"version-history":[{"count":146,"href":"https:\/\/uno3arquitectos.com.mx\/en\/wp-json\/wp\/v2\/pages\/445\/revisions"}],"predecessor-version":[{"id":1630,"href":"https:\/\/uno3arquitectos.com.mx\/en\/wp-json\/wp\/v2\/pages\/445\/revisions\/1630"}],"wp:attachment":[{"href":"https:\/\/uno3arquitectos.com.mx\/en\/wp-json\/wp\/v2\/media?parent=445"}],"curies":[{"name":"wp","href":"https:\/\/api.w.org\/{rel}","templated":true}]}}